{"id":118,"date":"2025-11-21T11:56:16","date_gmt":"2025-11-21T10:56:16","guid":{"rendered":"https:\/\/azaaya.fr\/?post_type=product&#038;p=118"},"modified":"2025-11-21T11:56:43","modified_gmt":"2025-11-21T10:56:43","slug":"ava-collier-harmonie-noble-au-saphir","status":"publish","type":"product","link":"https:\/\/azaaya.fr\/index.php\/product\/ava-collier-harmonie-noble-au-saphir\/","title":{"rendered":"Ava \u2013 Collier Harmonie Noble au Saphir"},"content":{"rendered":"","protected":false},"excerpt":{"rendered":"<p class=\"p1\">\u00c9l\u00e9gance et harmonieux collier de 44 cm \u00e0 la finition argent\u00e9e, compos\u00e9 d\u2019un jeu subtil de pierres naturelles : <i>lapis-lazuli<\/i>, <i>calc\u00e9doine<\/i>, <i>amazonite<\/i>\u2026 et de v\u00e9ritables cubes de saphir pr\u00e9cieux, dont la profondeur bleue apporte une touche noble et intense \u00e0 l\u2019ensemble. L\u2019alternance de formes et de textures cr\u00e9e un \u00e9quilibre visuel d\u00e9licat, entre force et douceur.<\/p>\n<p class=\"p1\">Un bijou fort et subtil \u00e0 la fois, id\u00e9al sur un pull clair ou un col blanc, pour rehausser une allure simple d\u2019une note de caract\u00e8re.<\/p>\n","protected":false},"featured_media":142,"comment_status":"closed","ping_status":"closed","template":"","meta":[],"product_brand":[],"product_cat":[17,21,20],"product_tag":[],"collections":[],"class_list":{"0":"post-118","1":"product","2":"type-product","3":"status-publish","4":"has-post-thumbnail","6":"product_cat-bijoux-atelier","7":"product_cat-collection-ava","8":"product_cat-collier","10":"first","11":"instock","12":"shipping-taxable","13":"purchasable","14":"product-type-simple"},"_links":{"self":[{"href":"https:\/\/azaaya.fr\/index.php\/wp-json\/wp\/v2\/product\/118","targetHints":{"allow":["GET"]}}],"collection":[{"href":"https:\/\/azaaya.fr\/index.php\/wp-json\/wp\/v2\/product"}],"about":[{"href":"https:\/\/azaaya.fr\/index.php\/wp-json\/wp\/v2\/types\/product"}],"replies":[{"embeddable":true,"href":"https:\/\/azaaya.fr\/index.php\/wp-json\/wp\/v2\/comments?post=118"}],"wp:featuredmedia":[{"embeddable":true,"href":"https:\/\/azaaya.fr\/index.php\/wp-json\/wp\/v2\/media\/142"}],"wp:attachment":[{"href":"https:\/\/azaaya.fr\/index.php\/wp-json\/wp\/v2\/media?parent=118"}],"wp:term":[{"taxonomy":"product_brand","embeddable":true,"href":"https:\/\/azaaya.fr\/index.php\/wp-json\/wp\/v2\/product_brand?post=118"},{"taxonomy":"product_cat","embeddable":true,"href":"https:\/\/azaaya.fr\/index.php\/wp-json\/wp\/v2\/product_cat?post=118"},{"taxonomy":"product_tag","embeddable":true,"href":"https:\/\/azaaya.fr\/index.php\/wp-json\/wp\/v2\/product_tag?post=118"},{"taxonomy":"collections","embeddable":true,"href":"https:\/\/azaaya.fr\/index.php\/wp-json\/wp\/v2\/collections?post=118"}],"curies":[{"name":"wp","href":"https:\/\/api.w.org\/{rel}","templated":true}]}}