{"id":125,"date":"2025-11-21T11:56:17","date_gmt":"2025-11-21T10:56:17","guid":{"rendered":"https:\/\/azaaya.fr\/?post_type=product&#038;p=125"},"modified":"2025-12-14T14:44:20","modified_gmt":"2025-12-14T13:44:20","slug":"romantique-bracelet-plaque-or-tourmalines-naturelle","status":"publish","type":"product","link":"https:\/\/azaaya.fr\/index.php\/product\/romantique-bracelet-plaque-or-tourmalines-naturelle\/","title":{"rendered":"Romantique \u2013 Bracelet Plaqu\u00e9 Or, Tourmalines Naturelle"},"content":{"rendered":"","protected":false},"excerpt":{"rendered":"<p class=\"p1\">Un bijou d\u00e9licat qui capte le regard par ses trois pierres fines de tourmaline \u2013 verte, rose et jaune \u2013 subtilement dispos\u00e9es sur une cha\u00eene fine plaqu\u00e9e or. Chaque teinte \u00e9voque une \u00e9nergie diff\u00e9rente, pour une touche personnelle et lumineuse au poignet.<\/p>\n<p class=\"p1\">Pi\u00e8ce \u00e9l\u00e9gante et discr\u00e8te, id\u00e9ale au quotidien comme pour une occasion sp\u00e9ciale. Sa couleur sobre et dor\u00e9e lui permet de s\u2019accorder facilement avec de nombreuses tenues.<\/p>\n<p class=\"p1\">Longueur : 16 cm + rallonge de 2 cm<\/p>\n<p class=\"p1\">Mati\u00e8re : argent 925 plaqu\u00e9 or 18 carats, 3 microns<b> <\/b><\/p>\n","protected":false},"featured_media":158,"comment_status":"closed","ping_status":"closed","template":"","meta":[],"product_brand":[],"product_cat":[22,25],"product_tag":[],"collections":[],"class_list":{"0":"post-125","1":"product","2":"type-product","3":"status-publish","4":"has-post-thumbnail","6":"product_cat-bracelets","7":"product_cat-collection-romantique","8":"pa_colections-aria","10":"first","11":"instock","12":"shipping-taxable","13":"purchasable","14":"product-type-simple"},"_links":{"self":[{"href":"https:\/\/azaaya.fr\/index.php\/wp-json\/wp\/v2\/product\/125","targetHints":{"allow":["GET"]}}],"collection":[{"href":"https:\/\/azaaya.fr\/index.php\/wp-json\/wp\/v2\/product"}],"about":[{"href":"https:\/\/azaaya.fr\/index.php\/wp-json\/wp\/v2\/types\/product"}],"replies":[{"embeddable":true,"href":"https:\/\/azaaya.fr\/index.php\/wp-json\/wp\/v2\/comments?post=125"}],"wp:featuredmedia":[{"embeddable":true,"href":"https:\/\/azaaya.fr\/index.php\/wp-json\/wp\/v2\/media\/158"}],"wp:attachment":[{"href":"https:\/\/azaaya.fr\/index.php\/wp-json\/wp\/v2\/media?parent=125"}],"wp:term":[{"taxonomy":"product_brand","embeddable":true,"href":"https:\/\/azaaya.fr\/index.php\/wp-json\/wp\/v2\/product_brand?post=125"},{"taxonomy":"product_cat","embeddable":true,"href":"https:\/\/azaaya.fr\/index.php\/wp-json\/wp\/v2\/product_cat?post=125"},{"taxonomy":"product_tag","embeddable":true,"href":"https:\/\/azaaya.fr\/index.php\/wp-json\/wp\/v2\/product_tag?post=125"},{"taxonomy":"collections","embeddable":true,"href":"https:\/\/azaaya.fr\/index.php\/wp-json\/wp\/v2\/collections?post=125"}],"curies":[{"name":"wp","href":"https:\/\/api.w.org\/{rel}","templated":true}]}}