{"id":128,"date":"2025-11-21T11:56:17","date_gmt":"2025-11-21T10:56:17","guid":{"rendered":"https:\/\/azaaya.fr\/?post_type=product&#038;p=128"},"modified":"2025-12-19T16:32:32","modified_gmt":"2025-12-19T15:32:32","slug":"diba-boucles-doreilles-majestueux-en-labradorite-et-citrine","status":"publish","type":"product","link":"https:\/\/azaaya.fr\/index.php\/product\/diba-boucles-doreilles-majestueux-en-labradorite-et-citrine\/","title":{"rendered":"Diba \u2013 Boucles D&#8217;oreilles Majestueux en Labradorite et Citrine"},"content":{"rendered":"","protected":false},"excerpt":{"rendered":"<p class=\"p1\">Ces boucles allient la chaleur de la citrine naturelle \u00e0 la profondeur iris\u00e9e de la labradorite, dans une composition \u00e9l\u00e9gante et d\u00e9licate. Mont\u00e9es sur une structure argent\u00e9e tr\u00e8s chic, elles offrent un tomb\u00e9 gracieux de 4 cm.<\/p>\n<p class=\"p1\">Les pierres sont mises en valeur par de petits intercalaires scintillants, soulignant leur \u00e9clat avec subtilit\u00e9. La lumi\u00e8re joue avec les reflets dor\u00e9s et gris, apportant \u00e0 ces boucles un charme intemporel.<\/p>\n<p class=\"p1\">Id\u00e9ales pour illuminer un visage avec douceur, elles accompagneront aussi bien un pull clair en journ\u00e9e qu\u2019une tenue plus habill\u00e9e en soir\u00e9e.<\/p>\n","protected":false},"featured_media":166,"comment_status":"closed","ping_status":"closed","template":"","meta":[],"product_brand":[],"product_cat":[17,23,24],"product_tag":[],"collections":[],"class_list":{"0":"post-128","1":"product","2":"type-product","3":"status-publish","4":"has-post-thumbnail","6":"product_cat-bijoux-atelier","7":"product_cat-boucles-doreille","8":"product_cat-collection-diba","9":"pa_colections-diba","11":"first","12":"instock","13":"shipping-taxable","14":"purchasable","15":"product-type-simple"},"_links":{"self":[{"href":"https:\/\/azaaya.fr\/index.php\/wp-json\/wp\/v2\/product\/128","targetHints":{"allow":["GET"]}}],"collection":[{"href":"https:\/\/azaaya.fr\/index.php\/wp-json\/wp\/v2\/product"}],"about":[{"href":"https:\/\/azaaya.fr\/index.php\/wp-json\/wp\/v2\/types\/product"}],"replies":[{"embeddable":true,"href":"https:\/\/azaaya.fr\/index.php\/wp-json\/wp\/v2\/comments?post=128"}],"wp:featuredmedia":[{"embeddable":true,"href":"https:\/\/azaaya.fr\/index.php\/wp-json\/wp\/v2\/media\/166"}],"wp:attachment":[{"href":"https:\/\/azaaya.fr\/index.php\/wp-json\/wp\/v2\/media?parent=128"}],"wp:term":[{"taxonomy":"product_brand","embeddable":true,"href":"https:\/\/azaaya.fr\/index.php\/wp-json\/wp\/v2\/product_brand?post=128"},{"taxonomy":"product_cat","embeddable":true,"href":"https:\/\/azaaya.fr\/index.php\/wp-json\/wp\/v2\/product_cat?post=128"},{"taxonomy":"product_tag","embeddable":true,"href":"https:\/\/azaaya.fr\/index.php\/wp-json\/wp\/v2\/product_tag?post=128"},{"taxonomy":"collections","embeddable":true,"href":"https:\/\/azaaya.fr\/index.php\/wp-json\/wp\/v2\/collections?post=128"}],"curies":[{"name":"wp","href":"https:\/\/api.w.org\/{rel}","templated":true}]}}