{"id":132,"date":"2025-11-21T11:56:17","date_gmt":"2025-11-21T10:56:17","guid":{"rendered":"https:\/\/azaaya.fr\/?post_type=product&#038;p=132"},"modified":"2025-11-21T11:57:47","modified_gmt":"2025-11-21T10:57:47","slug":"iris-collier-piece-unique","status":"publish","type":"product","link":"https:\/\/azaaya.fr\/index.php\/product\/iris-collier-piece-unique\/","title":{"rendered":"Iris \u2013 Collier Pi\u00e8ce Unique"},"content":{"rendered":"","protected":false},"excerpt":{"rendered":"<p class=\"p1\">Collier exceptionnel \u00a0Labradorite, Rubis, Lolite Finition Dor\u00e9e de 47 cm, enti\u00e8rement fa\u00e7onn\u00e9 \u00e0 la main. Il associe de majestueuses perles rondes de labradorite facett\u00e9e, aux \u00e9clats bleu-gris lumineux, \u00e0 six brins d\u00e9licats de pierres fines : rubis intense et iolite aux nuances bleu-violet translucides. Les \u00e9l\u00e9ments sont subtilement reli\u00e9s par deux embouts dor\u00e9s en forme de couronne ouvrag\u00e9e, v\u00e9ritables pi\u00e8ces d\u2019\u00e9l\u00e9gance, qui soulignent la structure raffin\u00e9e de l\u2019ensemble.<\/p>\n<p class=\"p1\">Ce mod\u00e8le unique incarne l\u2019\u00e9l\u00e9gance moderne et le travail artisanal d\u2019exception.<\/p>\n","protected":false},"featured_media":187,"comment_status":"closed","ping_status":"closed","template":"","meta":[],"product_brand":[],"product_cat":[17,19,20],"product_tag":[],"collections":[],"class_list":{"0":"post-132","1":"product","2":"type-product","3":"status-publish","4":"has-post-thumbnail","6":"product_cat-bijoux-atelier","7":"product_cat-collection-iris","8":"product_cat-collier","10":"first","11":"instock","12":"shipping-taxable","13":"purchasable","14":"product-type-simple"},"_links":{"self":[{"href":"https:\/\/azaaya.fr\/index.php\/wp-json\/wp\/v2\/product\/132","targetHints":{"allow":["GET"]}}],"collection":[{"href":"https:\/\/azaaya.fr\/index.php\/wp-json\/wp\/v2\/product"}],"about":[{"href":"https:\/\/azaaya.fr\/index.php\/wp-json\/wp\/v2\/types\/product"}],"replies":[{"embeddable":true,"href":"https:\/\/azaaya.fr\/index.php\/wp-json\/wp\/v2\/comments?post=132"}],"wp:featuredmedia":[{"embeddable":true,"href":"https:\/\/azaaya.fr\/index.php\/wp-json\/wp\/v2\/media\/187"}],"wp:attachment":[{"href":"https:\/\/azaaya.fr\/index.php\/wp-json\/wp\/v2\/media?parent=132"}],"wp:term":[{"taxonomy":"product_brand","embeddable":true,"href":"https:\/\/azaaya.fr\/index.php\/wp-json\/wp\/v2\/product_brand?post=132"},{"taxonomy":"product_cat","embeddable":true,"href":"https:\/\/azaaya.fr\/index.php\/wp-json\/wp\/v2\/product_cat?post=132"},{"taxonomy":"product_tag","embeddable":true,"href":"https:\/\/azaaya.fr\/index.php\/wp-json\/wp\/v2\/product_tag?post=132"},{"taxonomy":"collections","embeddable":true,"href":"https:\/\/azaaya.fr\/index.php\/wp-json\/wp\/v2\/collections?post=132"}],"curies":[{"name":"wp","href":"https:\/\/api.w.org\/{rel}","templated":true}]}}